{"id":1557,"date":"2025-09-19T08:23:09","date_gmt":"2025-09-19T08:23:09","guid":{"rendered":"https:\/\/relaxeoltre.com\/chi-sono\/"},"modified":"2025-09-24T13:50:10","modified_gmt":"2025-09-24T13:50:10","slug":"chi-sono","status":"publish","type":"page","link":"https:\/\/relaxeoltre.com\/fr\/chi-sono\/","title":{"rendered":"Chi Sono"},"content":{"rendered":"\t\t<div data-elementor-type=\"wp-page\" data-elementor-id=\"1557\" class=\"elementor elementor-1557 elementor-1081\">\n\t\t\t\t<div class=\"elementor-element elementor-element-05b0b34 e-flex e-con-boxed e-con e-parent\" data-id=\"05b0b34\" data-element_type=\"container\" data-settings=\"{&quot;background_background&quot;:&quot;classic&quot;}\">\n\t\t\t\t\t<div class=\"e-con-inner\">\n\t\t<div class=\"elementor-element elementor-element-ee8ebfd e-con-full e-flex e-con e-child\" data-id=\"ee8ebfd\" data-element_type=\"container\">\n\t\t\t\t<div class=\"elementor-element elementor-element-7dab554 elementor-widget elementor-widget-hfe-infocard\" data-id=\"7dab554\" data-element_type=\"widget\" data-widget_type=\"hfe-infocard.default\">\n\t\t\t\t<div class=\"elementor-widget-container\">\n\t\t\t\t\t\n\t\t<div class=\"hfe-infocard\">\n\t\t\t\t\t\t\t\t\t<div class=\"hfe-infocard-title-wrap\">\n\t\t\t\t<h1 class=\"hfe-infocard-title elementor-inline-editing\" data-elementor-setting-key=\"infocard_title\" data-elementor-inline-editing-toolbar=\"basic\" >Qui suis-je<\/h1>\t\t\t<\/div>\n\t\t\t\t\t\t<div class=\"hfe-infocard-text-wrap\">\n\t\t\t\t<div class=\"hfe-infocard-text elementor-inline-editing\" data-elementor-setting-key=\"infocard_description\" data-elementor-inline-editing-toolbar=\"advanced\">\n\t\t\t\t\t\t\t\t\t<\/div>\n\t\t\t\t\t\t\t<\/div>\n\t\t<\/div>\n\n\t\t\t\t\t\t<\/div>\n\t\t\t\t<\/div>\n\t\t\t\t<\/div>\n\t\t\t\t\t<\/div>\n\t\t\t\t<\/div>\n\t\t<div class=\"elementor-element elementor-element-81dc9ca e-flex e-con-boxed e-con e-parent\" data-id=\"81dc9ca\" data-element_type=\"container\">\n\t\t\t\t\t<div class=\"e-con-inner\">\n\t\t<div class=\"elementor-element elementor-element-b09517c e-con-full e-flex e-con e-child\" data-id=\"b09517c\" data-element_type=\"container\">\n\t\t\t\t<div class=\"elementor-element elementor-element-e3ebaea elementor-widget elementor-widget-heading\" data-id=\"e3ebaea\" data-element_type=\"widget\" data-widget_type=\"heading.default\">\n\t\t\t\t<div class=\"elementor-widget-container\">\n\t\t\t\t\t<h2 class=\"elementor-heading-title elementor-size-default\">Bonjour ! Je m\u2019appelle Daniela.<\/h2>\t\t\t\t<\/div>\n\t\t\t\t<\/div>\n\t\t\t\t<div class=\"elementor-element elementor-element-58fb428 elementor-widget elementor-widget-text-editor\" data-id=\"58fb428\" data-element_type=\"widget\" data-widget_type=\"text-editor.default\">\n\t\t\t\t<div class=\"elementor-widget-container\">\n\t\t\t\t\t\t\t\t\t<p data-start=\"1441\" data-end=\"1665\">Ce projet est n\u00e9 d\u2019un profond d\u00e9sir : cr\u00e9er un lieu capable d\u2019accueillir ceux qui ont besoin de ralentir, de se retrouver et, s\u2019ils le souhaitent, de se laisser inspirer.<\/p><p data-start=\"1667\" data-end=\"2025\">Apr\u00e8s des ann\u00e9es de travail dans des contextes internationaux, j\u2019ai choisi de revenir l\u00e0 o\u00f9 tout a commenc\u00e9, \u00e0 mes racines, \u00e0 mon \u00eele, celle que j\u2019ai toujours port\u00e9e dans mon c\u0153ur. Lipari, avec sa mer cristalline, ses paysages spectaculaires et cette lumi\u00e8re qui change de couleur \u00e0 chaque heure de la journ\u00e9e. Un lieu qui invite \u00e0 s\u2019arr\u00eater et \u00e0 respirer.<\/p><p data-start=\"2027\" data-end=\"2232\">\u00ab Relax e Oltre \u00bb est bien plus qu\u2019un h\u00e9bergement estival : c\u2019est une id\u00e9e.<br data-start=\"2102\" data-end=\"2105\" \/>Celle d\u2019un accueil vrai, discret, attentionn\u00e9.<br data-start=\"2151\" data-end=\"2154\" \/>D\u2019un s\u00e9jour qui laisse en vous quelque chose \u00e0 emporter quand vous repartez.<\/p><p data-start=\"2234\" data-end=\"2479\">Ici, vous trouverez non seulement du repos, mais aussi de l\u2019espace pour penser, lire, \u00e9crire, explorer \u00e0 l\u2019int\u00e9rieur comme \u00e0 l\u2019ext\u00e9rieur. Pour ceux qui aiment un voyage qui r\u00e9g\u00e9n\u00e8re le corps et nourrit l\u2019esprit, c\u2019est un point de d\u00e9part id\u00e9al.<\/p><p data-start=\"2481\" data-end=\"2631\">Chaque appartement est soign\u00e9 dans les moindres d\u00e9tails, accessible et con\u00e7u pour vous faire sentir vraiment chez vous.<br data-start=\"2600\" data-end=\"2603\" \/>Ainsi, sans pr\u00e9cipitation.<\/p><p data-start=\"2633\" data-end=\"2661\">Parce que Relax e Oltre&#8230;<\/p>\t\t\t\t\t\t\t\t<\/div>\n\t\t\t\t<\/div>\n\t\t\t\t<div class=\"elementor-element elementor-element-adb62cc elementor-widget elementor-widget-button\" data-id=\"adb62cc\" data-element_type=\"widget\" data-widget_type=\"button.default\">\n\t\t\t\t<div class=\"elementor-widget-container\">\n\t\t\t\t\t\t\t\t\t<div class=\"elementor-button-wrapper\">\n\t\t\t\t\t<a class=\"elementor-button elementor-button-link elementor-size-sm\" href=\"https:\/\/relaxeoltre.com\/fr\/contatti\/\">\n\t\t\t\t\t\t<span class=\"elementor-button-content-wrapper\">\n\t\t\t\t\t\t\t\t\t<span class=\"elementor-button-text\">Contactez-moi<\/span>\n\t\t\t\t\t<\/span>\n\t\t\t\t\t<\/a>\n\t\t\t\t<\/div>\n\t\t\t\t\t\t\t\t<\/div>\n\t\t\t\t<\/div>\n\t\t\t\t<\/div>\n\t\t<div class=\"elementor-element elementor-element-b2d1010 e-con-full e-flex e-con e-child\" data-id=\"b2d1010\" data-element_type=\"container\">\n\t\t\t\t<div class=\"elementor-element elementor-element-5efee46 elementor-widget elementor-widget-image\" data-id=\"5efee46\" data-element_type=\"widget\" data-widget_type=\"image.default\">\n\t\t\t\t<div class=\"elementor-widget-container\">\n\t\t\t\t\t\t\t\t\t\t\t\t\t\t\t<img fetchpriority=\"high\" decoding=\"async\" width=\"768\" height=\"1024\" src=\"https:\/\/relaxeoltre.com\/wp-content\/uploads\/2025\/09\/foto-curiosa-768x1024.jpg\" class=\"attachment-large size-large wp-image-1372\" alt=\"\" srcset=\"https:\/\/relaxeoltre.com\/wp-content\/uploads\/2025\/09\/foto-curiosa-768x1024.jpg 768w, https:\/\/relaxeoltre.com\/wp-content\/uploads\/2025\/09\/foto-curiosa-225x300.jpg 225w, https:\/\/relaxeoltre.com\/wp-content\/uploads\/2025\/09\/foto-curiosa-1152x1536.jpg 1152w, https:\/\/relaxeoltre.com\/wp-content\/uploads\/2025\/09\/foto-curiosa.jpg 1200w\" sizes=\"(max-width: 768px) 100vw, 768px\" \/>\t\t\t\t\t\t\t\t\t\t\t\t\t\t\t<\/div>\n\t\t\t\t<\/div>\n\t\t\t\t<\/div>\n\t\t\t\t\t<\/div>\n\t\t\t\t<\/div>\n\t\t<div class=\"elementor-element elementor-element-2d63ebb e-flex e-con-boxed e-con e-parent\" data-id=\"2d63ebb\" data-element_type=\"container\" data-settings=\"{&quot;background_background&quot;:&quot;classic&quot;}\">\n\t\t\t\t\t<div class=\"e-con-inner\">\n\t\t<div class=\"elementor-element elementor-element-b1a9e4e e-con-full e-flex e-con e-child\" data-id=\"b1a9e4e\" data-element_type=\"container\">\n\t\t\t\t<div class=\"elementor-element elementor-element-79d5d3c elementor-widget elementor-widget-heading\" data-id=\"79d5d3c\" data-element_type=\"widget\" data-widget_type=\"heading.default\">\n\t\t\t\t<div class=\"elementor-widget-container\">\n\t\t\t\t\t<h2 class=\"elementor-heading-title elementor-size-default\">Bienvenue \u00e0 Relax e Oltre\n<br>Ici commence votre voyage, ici commence votre temps<\/h2>\t\t\t\t<\/div>\n\t\t\t\t<\/div>\n\t\t\t\t<div class=\"elementor-element elementor-element-46063d1 elementor-widget elementor-widget-heading\" data-id=\"46063d1\" data-element_type=\"widget\" data-widget_type=\"heading.default\">\n\t\t\t\t<div class=\"elementor-widget-container\">\n\t\t\t\t\t<p class=\"elementor-heading-title elementor-size-default\">R\u00e9servez d\u00e8s maintenant votre maison<\/p>\t\t\t\t<\/div>\n\t\t\t\t<\/div>\n\t\t\t\t<div class=\"elementor-element elementor-element-cd7e81e elementor-align-center elementor-icon-list--layout-traditional elementor-list-item-link-full_width elementor-widget elementor-widget-icon-list\" data-id=\"cd7e81e\" data-element_type=\"widget\" data-widget_type=\"icon-list.default\">\n\t\t\t\t<div class=\"elementor-widget-container\">\n\t\t\t\t\t\t\t<ul class=\"elementor-icon-list-items\">\n\t\t\t\t\t\t\t<li class=\"elementor-icon-list-item\">\n\t\t\t\t\t\t\t\t\t\t\t<span class=\"elementor-icon-list-icon\">\n\t\t\t\t\t\t\t<i aria-hidden=\"true\" class=\"fas fa-phone-alt\"><\/i>\t\t\t\t\t\t<\/span>\n\t\t\t\t\t\t\t\t\t\t<span class=\"elementor-icon-list-text\">+39 334 690 94 50<\/span>\n\t\t\t\t\t\t\t\t\t<\/li>\n\t\t\t\t\t\t<\/ul>\n\t\t\t\t\t\t<\/div>\n\t\t\t\t<\/div>\n\t\t\t\t<\/div>\n\t\t\t\t\t<\/div>\n\t\t\t\t<\/div>\n\t\t\t\t<\/div>\n\t\t","protected":false},"excerpt":{"rendered":"<p>Qui suis-je Bonjour ! Je m\u2019appelle Daniela. Ce projet est n\u00e9 d\u2019un profond d\u00e9sir : cr\u00e9er un lieu capable d\u2019accueillir [&hellip;]<\/p>\n","protected":false},"author":1,"featured_media":0,"parent":0,"menu_order":0,"comment_status":"closed","ping_status":"closed","template":"elementor_theme","meta":{"site-sidebar-layout":"no-sidebar","site-content-layout":"page-builder","ast-site-content-layout":"full-width-container","site-content-style":"unboxed","site-sidebar-style":"unboxed","ast-global-header-display":"","ast-banner-title-visibility":"","ast-main-header-display":"","ast-hfb-above-header-display":"","ast-hfb-below-header-display":"","ast-hfb-mobile-header-display":"","site-post-title":"disabled","ast-breadcrumbs-content":"","ast-featured-img":"disabled","footer-sml-layout":"","theme-transparent-header-meta":"enabled","adv-header-id-meta":"","stick-header-meta":"","header-above-stick-meta":"","header-main-stick-meta":"","header-below-stick-meta":"","astra-migrate-meta-layouts":"default","ast-page-background-enabled":"default","ast-page-background-meta":{"desktop":{"background-color":"","background-image":"","background-repeat":"repeat","background-position":"center center","background-size":"auto","background-attachment":"scroll","background-type":"","background-media":"","overlay-type":"","overlay-color":"","overlay-opacity":"","overlay-gradient":""},"tablet":{"background-color":"","background-image":"","background-repeat":"repeat","background-position":"center center","background-size":"auto","background-attachment":"scroll","background-type":"","background-media":"","overlay-type":"","overlay-color":"","overlay-opacity":"","overlay-gradient":""},"mobile":{"background-color":"","background-image":"","background-repeat":"repeat","background-position":"center center","background-size":"auto","background-attachment":"scroll","background-type":"","background-media":"","overlay-type":"","overlay-color":"","overlay-opacity":"","overlay-gradient":""}},"ast-content-background-meta":{"desktop":{"background-color":"var(--ast-global-color-5)","background-image":"","background-repeat":"repeat","background-position":"center center","background-size":"auto","background-attachment":"scroll","background-type":"","background-media":"","overlay-type":"","overlay-color":"","overlay-opacity":"","overlay-gradient":""},"tablet":{"background-color":"var(--ast-global-color-5)","background-image":"","background-repeat":"repeat","background-position":"center center","background-size":"auto","background-attachment":"scroll","background-type":"","background-media":"","overlay-type":"","overlay-color":"","overlay-opacity":"","overlay-gradient":""},"mobile":{"background-color":"var(--ast-global-color-5)","background-image":"","background-repeat":"repeat","background-position":"center center","background-size":"auto","background-attachment":"scroll","background-type":"","background-media":"","overlay-type":"","overlay-color":"","overlay-opacity":"","overlay-gradient":""}},"footnotes":""},"class_list":["post-1557","page","type-page","status-publish","hentry"],"_links":{"self":[{"href":"https:\/\/relaxeoltre.com\/fr\/wp-json\/wp\/v2\/pages\/1557","targetHints":{"allow":["GET"]}}],"collection":[{"href":"https:\/\/relaxeoltre.com\/fr\/wp-json\/wp\/v2\/pages"}],"about":[{"href":"https:\/\/relaxeoltre.com\/fr\/wp-json\/wp\/v2\/types\/page"}],"author":[{"embeddable":true,"href":"https:\/\/relaxeoltre.com\/fr\/wp-json\/wp\/v2\/users\/1"}],"replies":[{"embeddable":true,"href":"https:\/\/relaxeoltre.com\/fr\/wp-json\/wp\/v2\/comments?post=1557"}],"version-history":[{"count":4,"href":"https:\/\/relaxeoltre.com\/fr\/wp-json\/wp\/v2\/pages\/1557\/revisions"}],"predecessor-version":[{"id":1762,"href":"https:\/\/relaxeoltre.com\/fr\/wp-json\/wp\/v2\/pages\/1557\/revisions\/1762"}],"wp:attachment":[{"href":"https:\/\/relaxeoltre.com\/fr\/wp-json\/wp\/v2\/media?parent=1557"}],"curies":[{"name":"wp","href":"https:\/\/api.w.org\/{rel}","templated":true}]}}